{"id":415,"date":"2024-05-24T11:01:18","date_gmt":"2024-05-24T11:01:18","guid":{"rendered":"https:\/\/opgdjeska.hr\/?post_type=product&#038;p=415"},"modified":"2025-01-28T15:36:03","modified_gmt":"2025-01-28T15:36:03","slug":"propolis-20ml-50ml","status":"publish","type":"product","link":"https:\/\/opgdjeska.hr\/?product=propolis-20ml-50ml","title":{"rendered":"PROPOLIS 20ml\/50ml"},"content":{"rendered":"<p>Propolis, poznat i kao &#8220;prirodno ljepilo p\u010dela&#8221;, je smolasta smjesa koju p\u010dele proizvode mije\u0161aju\u0107i biljne smole, vosak i svoje enzime. Ova jedinstvena tvar koristi se u ko\u0161nicama za popravak, izolaciju i dezinfekciju, ali tako\u0111er ima i izvanredne koristi za ljudsko zdravlje.<\/p>\n<p><strong>Svojstva i Prednosti Propolisa<\/strong><\/p>\n<ol>\n<li><strong>Antibakterijsko djelovanje<\/strong>: Propolis je poznat po svojim sna\u017enim antibakterijskim svojstvima koja poma\u017eu u borbi protiv razli\u010ditih bakterijskih infekcija.<\/li>\n<li><strong>Antivirusno djelovanje<\/strong>: Istra\u017eivanja pokazuju da propolis mo\u017ee imati antivirusne u\u010dinke, \u0161to ga \u010dini korisnim u prevenciji i lije\u010denju virusnih infekcija poput gripe.<\/li>\n<li><strong>Protuupalno djelovanje<\/strong>: Propolis ima protuupalna svojstva koja mogu pomo\u0107i u smanjenju upala u tijelu i ubla\u017eavanju simptoma upalnih bolesti.<\/li>\n<li><strong>Imunomodulatorna svojstva<\/strong>: Stimulira imunolo\u0161ki sustav i poma\u017ee tijelu da se bolje bori protiv infekcija i bolesti.<\/li>\n<li><strong>Antitumorska svojstva<\/strong>: Neka istra\u017eivanja sugeriraju da propolis mo\u017ee imati antitumorska svojstva i pomo\u0107i u borbi protiv raka.<\/li>\n<li><strong>Njega ko\u017ee<\/strong>: Propolis se \u010desto koristi u kozmeti\u010dkim proizvodima zbog svojih hidratantnih i antibakterijskih svojstava. Poma\u017ee u smirivanju iritirane ko\u017ee i poti\u010de zacjeljivanje rana.<\/li>\n<li><strong>Oralna higijena<\/strong>: Propolis se koristi u mnogim proizvodima za oralnu higijenu, poput pasti za zube i usta\u0161a, zbog svojih antimikrobnih svojstava.<\/li>\n<\/ol>\n<p>Propolis je mo\u0107na prirodna tvar koja nudi \u0161irok spektar zdravstvenih koristi. Njegova antibakterijska, antivirusna, protuupalna i imunomodulatorna svojstva \u010dine ga nezamjenjivim dodatkom za o\u010duvanje zdravlja i vitalnosti.<\/p>\n","protected":false},"excerpt":{"rendered":"<p>Propolis je mo\u0107na prirodna tvar koja nudi \u0161irok spektar zdravstvenih koristi. Njegova antibakterijska, antivirusna, protuupalna i imunomodulatorna svojstva \u010dine ga nezamjenjivim dodatkom za o\u010duvanje zdravlja i vitalnosti.<\/p>\n","protected":false},"featured_media":418,"comment_status":"open","ping_status":"closed","template":"","meta":{"_regular_price":[],"currency_symbol":[],"ub_ctt_via":""},"product_brand":[],"product_cat":[30],"product_tag":[],"class_list":{"0":"post-415","1":"product","2":"type-product","3":"status-publish","4":"has-post-thumbnail","6":"product_cat-pcelinji-proizvodi","8":"first","9":"outofstock","10":"shipping-taxable","11":"purchasable","12":"product-type-variable"},"post_slider_layout_featured_media_urls":{"thumbnail":["https:\/\/opgdjeska.hr\/wp-content\/uploads\/2024\/05\/fc5103f0-0278-42fb-8e2e-3ab681c4505d-150x150.png",150,150,true],"post_slider_layout_landscape_large":["https:\/\/opgdjeska.hr\/wp-content\/uploads\/2024\/05\/fc5103f0-0278-42fb-8e2e-3ab681c4505d-1200x800.png",1200,800,true],"post_slider_layout_portrait_large":["https:\/\/opgdjeska.hr\/wp-content\/uploads\/2024\/05\/fc5103f0-0278-42fb-8e2e-3ab681c4505d-1200x1800.png",1200,1800,true],"post_slider_layout_square_large":["https:\/\/opgdjeska.hr\/wp-content\/uploads\/2024\/05\/fc5103f0-0278-42fb-8e2e-3ab681c4505d-1200x1200.png",1200,1200,true],"post_slider_layout_landscape":["https:\/\/opgdjeska.hr\/wp-content\/uploads\/2024\/05\/fc5103f0-0278-42fb-8e2e-3ab681c4505d-600x400.png",600,400,true],"post_slider_layout_portrait":["https:\/\/opgdjeska.hr\/wp-content\/uploads\/2024\/05\/fc5103f0-0278-42fb-8e2e-3ab681c4505d-600x900.png",600,900,true],"post_slider_layout_square":["https:\/\/opgdjeska.hr\/wp-content\/uploads\/2024\/05\/fc5103f0-0278-42fb-8e2e-3ab681c4505d-600x600.png",600,600,true],"full":["https:\/\/opgdjeska.hr\/wp-content\/uploads\/2024\/05\/fc5103f0-0278-42fb-8e2e-3ab681c4505d.png",3456,2304,false]},"yoast_head":"<!-- This site is optimized with the Yoast SEO plugin v24.7 - https:\/\/yoast.com\/wordpress\/plugins\/seo\/ -->\n<title>PROPOLIS 20ml\/50ml | opgdjeska<\/title>\n<meta name=\"description\" content=\"Propolis, poznat i kao &quot;prirodno ljepilo p\u010dela&quot;, je smolasta smjesa koju p\u010dele proizvode mije\u0161aju\u0107i biljne smole, vosak i svoje enzime. Ova jedinstvena tvar koristi se u ko\u0161nicama za popravak, izolaciju i dezinfekciju, ali tako\u0111er ima i izvanredne koristi za ljudsko zdravlje.\" \/>\n<meta name=\"robots\" content=\"index, follow, max-snippet:-1, max-image-preview:large, max-video-preview:-1\" \/>\n<link rel=\"canonical\" href=\"https:\/\/opgdjeska.hr\/?product=propolis-20ml-50ml\" \/>\n<meta property=\"og:locale\" content=\"hr_HR\" \/>\n<meta property=\"og:type\" content=\"article\" \/>\n<meta property=\"og:title\" content=\"PROPOLIS 20ml\/50ml | opgdjeska\" \/>\n<meta property=\"og:description\" content=\"Propolis, poznat i kao &quot;prirodno ljepilo p\u010dela&quot;, je smolasta smjesa koju p\u010dele proizvode mije\u0161aju\u0107i biljne smole, vosak i svoje enzime. Ova jedinstvena tvar koristi se u ko\u0161nicama za popravak, izolaciju i dezinfekciju, ali tako\u0111er ima i izvanredne koristi za ljudsko zdravlje.\" \/>\n<meta property=\"og:url\" content=\"https:\/\/opgdjeska.hr\/?product=propolis-20ml-50ml\" \/>\n<meta property=\"og:site_name\" content=\"opgdjeska\" \/>\n<meta property=\"article:modified_time\" content=\"2025-01-28T15:36:03+00:00\" \/>\n<meta property=\"og:image\" content=\"https:\/\/opgdjeska.hr\/wp-content\/uploads\/2024\/05\/fc5103f0-0278-42fb-8e2e-3ab681c4505d-1024x683.png\" \/>\n\t<meta property=\"og:image:width\" content=\"1024\" \/>\n\t<meta property=\"og:image:height\" content=\"683\" \/>\n\t<meta property=\"og:image:type\" content=\"image\/png\" \/>\n<meta name=\"twitter:card\" content=\"summary_large_image\" \/>\n<meta name=\"twitter:label1\" content=\"Procijenjeno vrijeme \u010ditanja\" \/>\n\t<meta name=\"twitter:data1\" content=\"2 minute\" \/>\n<script type=\"application\/ld+json\" class=\"yoast-schema-graph\">{\"@context\":\"https:\/\/schema.org\",\"@graph\":[{\"@type\":\"WebPage\",\"@id\":\"https:\/\/opgdjeska.hr\/?product=propolis-20ml-50ml\",\"url\":\"https:\/\/opgdjeska.hr\/?product=propolis-20ml-50ml\",\"name\":\"PROPOLIS 20ml\/50ml | opgdjeska\",\"isPartOf\":{\"@id\":\"https:\/\/opgdjeska.hr\/#website\"},\"primaryImageOfPage\":{\"@id\":\"https:\/\/opgdjeska.hr\/?product=propolis-20ml-50ml#primaryimage\"},\"image\":{\"@id\":\"https:\/\/opgdjeska.hr\/?product=propolis-20ml-50ml#primaryimage\"},\"thumbnailUrl\":\"https:\/\/opgdjeska.hr\/wp-content\/uploads\/2024\/05\/fc5103f0-0278-42fb-8e2e-3ab681c4505d.png\",\"datePublished\":\"2024-05-24T11:01:18+00:00\",\"dateModified\":\"2025-01-28T15:36:03+00:00\",\"description\":\"Propolis, poznat i kao \\\"prirodno ljepilo p\u010dela\\\", je smolasta smjesa koju p\u010dele proizvode mije\u0161aju\u0107i biljne smole, vosak i svoje enzime. Ova jedinstvena tvar koristi se u ko\u0161nicama za popravak, izolaciju i dezinfekciju, ali tako\u0111er ima i izvanredne koristi za ljudsko zdravlje.\",\"breadcrumb\":{\"@id\":\"https:\/\/opgdjeska.hr\/?product=propolis-20ml-50ml#breadcrumb\"},\"inLanguage\":\"hr\",\"potentialAction\":[{\"@type\":\"ReadAction\",\"target\":[\"https:\/\/opgdjeska.hr\/?product=propolis-20ml-50ml\"]}]},{\"@type\":\"ImageObject\",\"inLanguage\":\"hr\",\"@id\":\"https:\/\/opgdjeska.hr\/?product=propolis-20ml-50ml#primaryimage\",\"url\":\"https:\/\/opgdjeska.hr\/wp-content\/uploads\/2024\/05\/fc5103f0-0278-42fb-8e2e-3ab681c4505d.png\",\"contentUrl\":\"https:\/\/opgdjeska.hr\/wp-content\/uploads\/2024\/05\/fc5103f0-0278-42fb-8e2e-3ab681c4505d.png\",\"width\":3456,\"height\":2304},{\"@type\":\"BreadcrumbList\",\"@id\":\"https:\/\/opgdjeska.hr\/?product=propolis-20ml-50ml#breadcrumb\",\"itemListElement\":[{\"@type\":\"ListItem\",\"position\":1,\"name\":\"Po\u010detna stranica\",\"item\":\"https:\/\/opgdjeska.hr\/\"},{\"@type\":\"ListItem\",\"position\":2,\"name\":\"Shop\",\"item\":\"https:\/\/opgdjeska.hr\/?page_id=9\"},{\"@type\":\"ListItem\",\"position\":3,\"name\":\"PROPOLIS 20ml\/50ml\"}]},{\"@type\":\"WebSite\",\"@id\":\"https:\/\/opgdjeska.hr\/#website\",\"url\":\"https:\/\/opgdjeska.hr\/\",\"name\":\"opg Dje\u0161ka\",\"description\":\"Ukus prirode, \u010distih livada - na\u0161 med, tvoj izbor!\",\"publisher\":{\"@id\":\"https:\/\/opgdjeska.hr\/#organization\"},\"alternateName\":\"opg Dje\u0161ka\",\"potentialAction\":[{\"@type\":\"SearchAction\",\"target\":{\"@type\":\"EntryPoint\",\"urlTemplate\":\"https:\/\/opgdjeska.hr\/?s={search_term_string}\"},\"query-input\":{\"@type\":\"PropertyValueSpecification\",\"valueRequired\":true,\"valueName\":\"search_term_string\"}}],\"inLanguage\":\"hr\"},{\"@type\":\"Organization\",\"@id\":\"https:\/\/opgdjeska.hr\/#organization\",\"name\":\"OPG Dje\u0161ka\",\"alternateName\":\"OPG Djeska\",\"url\":\"https:\/\/opgdjeska.hr\/\",\"logo\":{\"@type\":\"ImageObject\",\"inLanguage\":\"hr\",\"@id\":\"https:\/\/opgdjeska.hr\/#\/schema\/logo\/image\/\",\"url\":\"https:\/\/opgdjeska.hr\/wp-content\/uploads\/2024\/04\/opg-djeska-900-x-300-piks-edited.png\",\"contentUrl\":\"https:\/\/opgdjeska.hr\/wp-content\/uploads\/2024\/04\/opg-djeska-900-x-300-piks-edited.png\",\"width\":400,\"height\":300,\"caption\":\"OPG Dje\u0161ka\"},\"image\":{\"@id\":\"https:\/\/opgdjeska.hr\/#\/schema\/logo\/image\/\"}}]}<\/script>\n<!-- \/ Yoast SEO plugin. -->","yoast_head_json":{"title":"PROPOLIS 20ml\/50ml | opgdjeska","description":"Propolis, poznat i kao \"prirodno ljepilo p\u010dela\", je smolasta smjesa koju p\u010dele proizvode mije\u0161aju\u0107i biljne smole, vosak i svoje enzime. Ova jedinstvena tvar koristi se u ko\u0161nicama za popravak, izolaciju i dezinfekciju, ali tako\u0111er ima i izvanredne koristi za ljudsko zdravlje.","robots":{"index":"index","follow":"follow","max-snippet":"max-snippet:-1","max-image-preview":"max-image-preview:large","max-video-preview":"max-video-preview:-1"},"canonical":"https:\/\/opgdjeska.hr\/?product=propolis-20ml-50ml","og_locale":"hr_HR","og_type":"article","og_title":"PROPOLIS 20ml\/50ml | opgdjeska","og_description":"Propolis, poznat i kao \"prirodno ljepilo p\u010dela\", je smolasta smjesa koju p\u010dele proizvode mije\u0161aju\u0107i biljne smole, vosak i svoje enzime. Ova jedinstvena tvar koristi se u ko\u0161nicama za popravak, izolaciju i dezinfekciju, ali tako\u0111er ima i izvanredne koristi za ljudsko zdravlje.","og_url":"https:\/\/opgdjeska.hr\/?product=propolis-20ml-50ml","og_site_name":"opgdjeska","article_modified_time":"2025-01-28T15:36:03+00:00","og_image":[{"width":1024,"height":683,"url":"https:\/\/opgdjeska.hr\/wp-content\/uploads\/2024\/05\/fc5103f0-0278-42fb-8e2e-3ab681c4505d-1024x683.png","type":"image\/png"}],"twitter_card":"summary_large_image","twitter_misc":{"Procijenjeno vrijeme \u010ditanja":"2 minute"},"schema":{"@context":"https:\/\/schema.org","@graph":[{"@type":"WebPage","@id":"https:\/\/opgdjeska.hr\/?product=propolis-20ml-50ml","url":"https:\/\/opgdjeska.hr\/?product=propolis-20ml-50ml","name":"PROPOLIS 20ml\/50ml | opgdjeska","isPartOf":{"@id":"https:\/\/opgdjeska.hr\/#website"},"primaryImageOfPage":{"@id":"https:\/\/opgdjeska.hr\/?product=propolis-20ml-50ml#primaryimage"},"image":{"@id":"https:\/\/opgdjeska.hr\/?product=propolis-20ml-50ml#primaryimage"},"thumbnailUrl":"https:\/\/opgdjeska.hr\/wp-content\/uploads\/2024\/05\/fc5103f0-0278-42fb-8e2e-3ab681c4505d.png","datePublished":"2024-05-24T11:01:18+00:00","dateModified":"2025-01-28T15:36:03+00:00","description":"Propolis, poznat i kao \"prirodno ljepilo p\u010dela\", je smolasta smjesa koju p\u010dele proizvode mije\u0161aju\u0107i biljne smole, vosak i svoje enzime. Ova jedinstvena tvar koristi se u ko\u0161nicama za popravak, izolaciju i dezinfekciju, ali tako\u0111er ima i izvanredne koristi za ljudsko zdravlje.","breadcrumb":{"@id":"https:\/\/opgdjeska.hr\/?product=propolis-20ml-50ml#breadcrumb"},"inLanguage":"hr","potentialAction":[{"@type":"ReadAction","target":["https:\/\/opgdjeska.hr\/?product=propolis-20ml-50ml"]}]},{"@type":"ImageObject","inLanguage":"hr","@id":"https:\/\/opgdjeska.hr\/?product=propolis-20ml-50ml#primaryimage","url":"https:\/\/opgdjeska.hr\/wp-content\/uploads\/2024\/05\/fc5103f0-0278-42fb-8e2e-3ab681c4505d.png","contentUrl":"https:\/\/opgdjeska.hr\/wp-content\/uploads\/2024\/05\/fc5103f0-0278-42fb-8e2e-3ab681c4505d.png","width":3456,"height":2304},{"@type":"BreadcrumbList","@id":"https:\/\/opgdjeska.hr\/?product=propolis-20ml-50ml#breadcrumb","itemListElement":[{"@type":"ListItem","position":1,"name":"Po\u010detna stranica","item":"https:\/\/opgdjeska.hr\/"},{"@type":"ListItem","position":2,"name":"Shop","item":"https:\/\/opgdjeska.hr\/?page_id=9"},{"@type":"ListItem","position":3,"name":"PROPOLIS 20ml\/50ml"}]},{"@type":"WebSite","@id":"https:\/\/opgdjeska.hr\/#website","url":"https:\/\/opgdjeska.hr\/","name":"opg Dje\u0161ka","description":"Ukus prirode, \u010distih livada - na\u0161 med, tvoj izbor!","publisher":{"@id":"https:\/\/opgdjeska.hr\/#organization"},"alternateName":"opg Dje\u0161ka","potentialAction":[{"@type":"SearchAction","target":{"@type":"EntryPoint","urlTemplate":"https:\/\/opgdjeska.hr\/?s={search_term_string}"},"query-input":{"@type":"PropertyValueSpecification","valueRequired":true,"valueName":"search_term_string"}}],"inLanguage":"hr"},{"@type":"Organization","@id":"https:\/\/opgdjeska.hr\/#organization","name":"OPG Dje\u0161ka","alternateName":"OPG Djeska","url":"https:\/\/opgdjeska.hr\/","logo":{"@type":"ImageObject","inLanguage":"hr","@id":"https:\/\/opgdjeska.hr\/#\/schema\/logo\/image\/","url":"https:\/\/opgdjeska.hr\/wp-content\/uploads\/2024\/04\/opg-djeska-900-x-300-piks-edited.png","contentUrl":"https:\/\/opgdjeska.hr\/wp-content\/uploads\/2024\/04\/opg-djeska-900-x-300-piks-edited.png","width":400,"height":300,"caption":"OPG Dje\u0161ka"},"image":{"@id":"https:\/\/opgdjeska.hr\/#\/schema\/logo\/image\/"}}]}},"jetpack_sharing_enabled":true,"_links":{"self":[{"href":"https:\/\/opgdjeska.hr\/index.php?rest_route=\/wp\/v2\/product\/415","targetHints":{"allow":["GET"]}}],"collection":[{"href":"https:\/\/opgdjeska.hr\/index.php?rest_route=\/wp\/v2\/product"}],"about":[{"href":"https:\/\/opgdjeska.hr\/index.php?rest_route=\/wp\/v2\/types\/product"}],"replies":[{"embeddable":true,"href":"https:\/\/opgdjeska.hr\/index.php?rest_route=%2Fwp%2Fv2%2Fcomments&post=415"}],"wp:featuredmedia":[{"embeddable":true,"href":"https:\/\/opgdjeska.hr\/index.php?rest_route=\/wp\/v2\/media\/418"}],"wp:attachment":[{"href":"https:\/\/opgdjeska.hr\/index.php?rest_route=%2Fwp%2Fv2%2Fmedia&parent=415"}],"wp:term":[{"taxonomy":"product_brand","embeddable":true,"href":"https:\/\/opgdjeska.hr\/index.php?rest_route=%2Fwp%2Fv2%2Fproduct_brand&post=415"},{"taxonomy":"product_cat","embeddable":true,"href":"https:\/\/opgdjeska.hr\/index.php?rest_route=%2Fwp%2Fv2%2Fproduct_cat&post=415"},{"taxonomy":"product_tag","embeddable":true,"href":"https:\/\/opgdjeska.hr\/index.php?rest_route=%2Fwp%2Fv2%2Fproduct_tag&post=415"}],"curies":[{"name":"wp","href":"https:\/\/api.w.org\/{rel}","templated":true}]}}