{"id":397,"date":"2024-05-24T10:35:39","date_gmt":"2024-05-24T10:35:39","guid":{"rendered":"https:\/\/opgdjeska.hr\/?post_type=product&#038;p=397"},"modified":"2024-06-07T08:03:19","modified_gmt":"2024-06-07T08:03:19","slug":"kesten-450g-900g","status":"publish","type":"product","link":"https:\/\/opgdjeska.hr\/?product=kesten-450g-900g","title":{"rendered":"KESTEN 450g\/900g"},"content":{"rendered":"<p>Kestenov med, poznat po svom sna\u017enom i specifi\u010dnom okusu, dobiva se od nektara cvjetova divljeg kestena (Castanea sativa). Ovaj med ima prepoznatljivu tamnu boju i bogat nutritivni profil, \u0161to ga \u010dini vrlo cijenjenim u gastronomiji i tradicionalnoj medicini.<\/p>\n<p><strong>Karakteristike Kestenovog Meda<\/strong><\/p>\n<ol>\n<li><strong>Okus i aroma<\/strong>: Kestenov med ima intenzivan, pomalo gorak okus s drvenastim i ora\u0161astim notama. Njegova jaka aroma mo\u017ee se usporediti s okusom karamele i za\u010dina.<\/li>\n<li><strong>Boja i tekstura<\/strong>: Ovaj med je tamnosme\u0111e do crvene boje, s glatkom i gustu teksturom koja se sporo kristalizira.<\/li>\n<\/ol>\n<p><strong>Nutritivna Vrijednost Kestenovog Meda<\/strong> Kestenov med bogat je vitaminima i mineralima, uklju\u010duju\u0107i vitamine B kompleksa, vitamin C, \u017eeljezo, kalij i mangan. Tako\u0111er sadr\u017ei brojne enzime, aminokiseline i antioksidanse.<\/p>\n<p><strong>Zdravstvene Koristi Kestenovog Meda<\/strong><\/p>\n<ol>\n<li><strong>Antioksidativna svojstva<\/strong>: Poma\u017ee u borbi protiv slobodnih radikala, smanjuju\u0107i rizik od kroni\u010dnih bolesti i ja\u010daju\u0107i imunolo\u0161ki sustav.<\/li>\n<li><strong>Protivupalno djelovanje<\/strong>: Prirodna protuupalna svojstva meda mogu pomo\u0107i u smanjenju upala i ubla\u017eavanju simptoma raznih upalnih stanja.<\/li>\n<li><strong>Podr\u0161ka probavi<\/strong>: Kestenov med poma\u017ee u regulaciji probave i mo\u017ee ubla\u017eiti simptome gastrointestinalnih problema kao \u0161to su zatvor i nadutost.<\/li>\n<li><strong>Podr\u0161ka kardiovaskularnom zdravlju<\/strong>: Neki istra\u017eiva\u010di sugeriraju da kestenov med mo\u017ee pomo\u0107i u smanjenju rizika od kardiovaskularnih bolesti zbog svog pozitivnog u\u010dinka na razinu kolesterola i krvni tlak.<\/li>\n<li><strong>Antibakterijska svojstva<\/strong>: Ima sna\u017ena antibakterijska svojstva koja poma\u017eu u lije\u010denju manjih infekcija i ubrzavaju zacjeljivanje rana.<\/li>\n<li><strong>Energetski izvor<\/strong>: Kao prirodni izvor \u0161e\u0107era, kestenov med pru\u017ea brz i odr\u017eiv izvor energije, \u0161to ga \u010dini idealnim za sporta\u0161e i osobe koje trebaju brz energetski poticaj.<\/li>\n<\/ol>\n<p><strong>Njega Ko\u017ee<\/strong> Zahvaljuju\u0107i svojim hidratantnim i antisepti\u010dkim svojstvima, kestenov med se \u010desto koristi u kozmeti\u010dkim proizvodima za njegu ko\u017ee. Poma\u017ee u hidrataciji, smirivanju iritacija i ubrzanju zacjeljivanja manjih rana i opekotina.<\/p>\n<p><strong>Kulinarska Upotreba<\/strong> Kestenov med je omiljen u kuhinji zbog svog bogatog i slo\u017eenog okusa. Koristi se kao prirodni zasla\u0111iva\u010d u \u010dajevima, napicima, desertima, marinadama i preljevima za salate. Njegova jedinstvena aroma oboga\u0107uje razna jela i slastice.<\/p>\n<p><strong>Aromaterapija i Apiterapija<\/strong> U aromaterapiji i apiterapiji, kestenov med se koristi za opu\u0161tanje, smanjenje stresa i pobolj\u0161anje op\u0107eg blagostanja. Njegova umiruju\u0107a svojstva \u010dine ga idealnim za ove svrhe.<\/p>\n<p>Kestenov med nije samo ukusan dodatak prehrani, ve\u0107 i prirodni lijek s brojnim zdravstvenim prednostima. Njegova raznovrsnost u okusu, boji i nutritivnim svojstvima \u010dini ga jedinstvenim proizvodom koji se cijeni diljem svijeta.<\/p>\n","protected":false},"excerpt":{"rendered":"<p>Kestenov med nije samo ukusan dodatak prehrani, ve\u0107 i prirodni lijek s brojnim zdravstvenim prednostima. Njegova raznovrsnost u okusu, boji i nutritivnim svojstvima \u010dini ga jedinstvenim proizvodom koji se cijeni diljem svijeta.<\/p>\n","protected":false},"featured_media":400,"comment_status":"open","ping_status":"closed","template":"","meta":{"_regular_price":[],"currency_symbol":[],"ub_ctt_via":""},"product_brand":[],"product_cat":[29],"product_tag":[],"class_list":{"0":"post-397","1":"product","2":"type-product","3":"status-publish","4":"has-post-thumbnail","6":"product_cat-med","8":"first","9":"instock","10":"shipping-taxable","11":"purchasable","12":"product-type-variable"},"post_slider_layout_featured_media_urls":{"thumbnail":["https:\/\/opgdjeska.hr\/wp-content\/uploads\/2024\/05\/7b02005f-f0f3-46e6-9cc8-3846898ac6f9-150x150.png",150,150,true],"post_slider_layout_landscape_large":["https:\/\/opgdjeska.hr\/wp-content\/uploads\/2024\/05\/7b02005f-f0f3-46e6-9cc8-3846898ac6f9-1200x800.png",1200,800,true],"post_slider_layout_portrait_large":["https:\/\/opgdjeska.hr\/wp-content\/uploads\/2024\/05\/7b02005f-f0f3-46e6-9cc8-3846898ac6f9-1200x1800.png",1200,1800,true],"post_slider_layout_square_large":["https:\/\/opgdjeska.hr\/wp-content\/uploads\/2024\/05\/7b02005f-f0f3-46e6-9cc8-3846898ac6f9-1200x1200.png",1200,1200,true],"post_slider_layout_landscape":["https:\/\/opgdjeska.hr\/wp-content\/uploads\/2024\/05\/7b02005f-f0f3-46e6-9cc8-3846898ac6f9-600x400.png",600,400,true],"post_slider_layout_portrait":["https:\/\/opgdjeska.hr\/wp-content\/uploads\/2024\/05\/7b02005f-f0f3-46e6-9cc8-3846898ac6f9-600x900.png",600,900,true],"post_slider_layout_square":["https:\/\/opgdjeska.hr\/wp-content\/uploads\/2024\/05\/7b02005f-f0f3-46e6-9cc8-3846898ac6f9-600x600.png",600,600,true],"full":["https:\/\/opgdjeska.hr\/wp-content\/uploads\/2024\/05\/7b02005f-f0f3-46e6-9cc8-3846898ac6f9.png",3456,2304,false]},"yoast_head":"<!-- This site is optimized with the Yoast SEO plugin v24.7 - https:\/\/yoast.com\/wordpress\/plugins\/seo\/ -->\n<title>KESTEN 450g\/900g | opgdjeska<\/title>\n<meta name=\"description\" content=\"Kestenov med, poznat po svom sna\u017enom i specifi\u010dnom okusu, dobiva se od nektara cvjetova divljeg kestena (Castanea sativa). Ovaj med ima prepoznatljivu tamnu boju i bogat nutritivni profil, \u0161to ga \u010dini vrlo cijenjenim u gastronomiji i tradicionalnoj medicini.\" \/>\n<meta name=\"robots\" content=\"index, follow, max-snippet:-1, max-image-preview:large, max-video-preview:-1\" \/>\n<link rel=\"canonical\" href=\"https:\/\/opgdjeska.hr\/?product=kesten-450g-900g\" \/>\n<meta property=\"og:locale\" content=\"hr_HR\" \/>\n<meta property=\"og:type\" content=\"article\" \/>\n<meta property=\"og:title\" content=\"KESTEN 450g\/900g | opgdjeska\" \/>\n<meta property=\"og:description\" content=\"Kestenov med, poznat po svom sna\u017enom i specifi\u010dnom okusu, dobiva se od nektara cvjetova divljeg kestena (Castanea sativa). Ovaj med ima prepoznatljivu tamnu boju i bogat nutritivni profil, \u0161to ga \u010dini vrlo cijenjenim u gastronomiji i tradicionalnoj medicini.\" \/>\n<meta property=\"og:url\" content=\"https:\/\/opgdjeska.hr\/?product=kesten-450g-900g\" \/>\n<meta property=\"og:site_name\" content=\"opgdjeska\" \/>\n<meta property=\"article:modified_time\" content=\"2024-06-07T08:03:19+00:00\" \/>\n<meta property=\"og:image\" content=\"https:\/\/opgdjeska.hr\/wp-content\/uploads\/2024\/05\/7b02005f-f0f3-46e6-9cc8-3846898ac6f9-1024x683.png\" \/>\n\t<meta property=\"og:image:width\" content=\"1024\" \/>\n\t<meta property=\"og:image:height\" content=\"683\" \/>\n\t<meta property=\"og:image:type\" content=\"image\/png\" \/>\n<meta name=\"twitter:card\" content=\"summary_large_image\" \/>\n<meta name=\"twitter:label1\" content=\"Procijenjeno vrijeme \u010ditanja\" \/>\n\t<meta name=\"twitter:data1\" content=\"3 minute\" \/>\n<script type=\"application\/ld+json\" class=\"yoast-schema-graph\">{\"@context\":\"https:\/\/schema.org\",\"@graph\":[{\"@type\":\"WebPage\",\"@id\":\"https:\/\/opgdjeska.hr\/?product=kesten-450g-900g\",\"url\":\"https:\/\/opgdjeska.hr\/?product=kesten-450g-900g\",\"name\":\"KESTEN 450g\/900g | opgdjeska\",\"isPartOf\":{\"@id\":\"https:\/\/opgdjeska.hr\/#website\"},\"primaryImageOfPage\":{\"@id\":\"https:\/\/opgdjeska.hr\/?product=kesten-450g-900g#primaryimage\"},\"image\":{\"@id\":\"https:\/\/opgdjeska.hr\/?product=kesten-450g-900g#primaryimage\"},\"thumbnailUrl\":\"https:\/\/opgdjeska.hr\/wp-content\/uploads\/2024\/05\/7b02005f-f0f3-46e6-9cc8-3846898ac6f9.png\",\"datePublished\":\"2024-05-24T10:35:39+00:00\",\"dateModified\":\"2024-06-07T08:03:19+00:00\",\"description\":\"Kestenov med, poznat po svom sna\u017enom i specifi\u010dnom okusu, dobiva se od nektara cvjetova divljeg kestena (Castanea sativa). Ovaj med ima prepoznatljivu tamnu boju i bogat nutritivni profil, \u0161to ga \u010dini vrlo cijenjenim u gastronomiji i tradicionalnoj medicini.\",\"breadcrumb\":{\"@id\":\"https:\/\/opgdjeska.hr\/?product=kesten-450g-900g#breadcrumb\"},\"inLanguage\":\"hr\",\"potentialAction\":[{\"@type\":\"ReadAction\",\"target\":[\"https:\/\/opgdjeska.hr\/?product=kesten-450g-900g\"]}]},{\"@type\":\"ImageObject\",\"inLanguage\":\"hr\",\"@id\":\"https:\/\/opgdjeska.hr\/?product=kesten-450g-900g#primaryimage\",\"url\":\"https:\/\/opgdjeska.hr\/wp-content\/uploads\/2024\/05\/7b02005f-f0f3-46e6-9cc8-3846898ac6f9.png\",\"contentUrl\":\"https:\/\/opgdjeska.hr\/wp-content\/uploads\/2024\/05\/7b02005f-f0f3-46e6-9cc8-3846898ac6f9.png\",\"width\":3456,\"height\":2304},{\"@type\":\"BreadcrumbList\",\"@id\":\"https:\/\/opgdjeska.hr\/?product=kesten-450g-900g#breadcrumb\",\"itemListElement\":[{\"@type\":\"ListItem\",\"position\":1,\"name\":\"Po\u010detna stranica\",\"item\":\"https:\/\/opgdjeska.hr\/\"},{\"@type\":\"ListItem\",\"position\":2,\"name\":\"Shop\",\"item\":\"https:\/\/opgdjeska.hr\/?page_id=9\"},{\"@type\":\"ListItem\",\"position\":3,\"name\":\"KESTEN 450g\/900g\"}]},{\"@type\":\"WebSite\",\"@id\":\"https:\/\/opgdjeska.hr\/#website\",\"url\":\"https:\/\/opgdjeska.hr\/\",\"name\":\"opg Dje\u0161ka\",\"description\":\"Ukus prirode, \u010distih livada - na\u0161 med, tvoj izbor!\",\"publisher\":{\"@id\":\"https:\/\/opgdjeska.hr\/#organization\"},\"alternateName\":\"opg Dje\u0161ka\",\"potentialAction\":[{\"@type\":\"SearchAction\",\"target\":{\"@type\":\"EntryPoint\",\"urlTemplate\":\"https:\/\/opgdjeska.hr\/?s={search_term_string}\"},\"query-input\":{\"@type\":\"PropertyValueSpecification\",\"valueRequired\":true,\"valueName\":\"search_term_string\"}}],\"inLanguage\":\"hr\"},{\"@type\":\"Organization\",\"@id\":\"https:\/\/opgdjeska.hr\/#organization\",\"name\":\"OPG Dje\u0161ka\",\"alternateName\":\"OPG Djeska\",\"url\":\"https:\/\/opgdjeska.hr\/\",\"logo\":{\"@type\":\"ImageObject\",\"inLanguage\":\"hr\",\"@id\":\"https:\/\/opgdjeska.hr\/#\/schema\/logo\/image\/\",\"url\":\"https:\/\/opgdjeska.hr\/wp-content\/uploads\/2024\/04\/opg-djeska-900-x-300-piks-edited.png\",\"contentUrl\":\"https:\/\/opgdjeska.hr\/wp-content\/uploads\/2024\/04\/opg-djeska-900-x-300-piks-edited.png\",\"width\":400,\"height\":300,\"caption\":\"OPG Dje\u0161ka\"},\"image\":{\"@id\":\"https:\/\/opgdjeska.hr\/#\/schema\/logo\/image\/\"}}]}<\/script>\n<!-- \/ Yoast SEO plugin. -->","yoast_head_json":{"title":"KESTEN 450g\/900g | opgdjeska","description":"Kestenov med, poznat po svom sna\u017enom i specifi\u010dnom okusu, dobiva se od nektara cvjetova divljeg kestena (Castanea sativa). Ovaj med ima prepoznatljivu tamnu boju i bogat nutritivni profil, \u0161to ga \u010dini vrlo cijenjenim u gastronomiji i tradicionalnoj medicini.","robots":{"index":"index","follow":"follow","max-snippet":"max-snippet:-1","max-image-preview":"max-image-preview:large","max-video-preview":"max-video-preview:-1"},"canonical":"https:\/\/opgdjeska.hr\/?product=kesten-450g-900g","og_locale":"hr_HR","og_type":"article","og_title":"KESTEN 450g\/900g | opgdjeska","og_description":"Kestenov med, poznat po svom sna\u017enom i specifi\u010dnom okusu, dobiva se od nektara cvjetova divljeg kestena (Castanea sativa). Ovaj med ima prepoznatljivu tamnu boju i bogat nutritivni profil, \u0161to ga \u010dini vrlo cijenjenim u gastronomiji i tradicionalnoj medicini.","og_url":"https:\/\/opgdjeska.hr\/?product=kesten-450g-900g","og_site_name":"opgdjeska","article_modified_time":"2024-06-07T08:03:19+00:00","og_image":[{"width":1024,"height":683,"url":"https:\/\/opgdjeska.hr\/wp-content\/uploads\/2024\/05\/7b02005f-f0f3-46e6-9cc8-3846898ac6f9-1024x683.png","type":"image\/png"}],"twitter_card":"summary_large_image","twitter_misc":{"Procijenjeno vrijeme \u010ditanja":"3 minute"},"schema":{"@context":"https:\/\/schema.org","@graph":[{"@type":"WebPage","@id":"https:\/\/opgdjeska.hr\/?product=kesten-450g-900g","url":"https:\/\/opgdjeska.hr\/?product=kesten-450g-900g","name":"KESTEN 450g\/900g | opgdjeska","isPartOf":{"@id":"https:\/\/opgdjeska.hr\/#website"},"primaryImageOfPage":{"@id":"https:\/\/opgdjeska.hr\/?product=kesten-450g-900g#primaryimage"},"image":{"@id":"https:\/\/opgdjeska.hr\/?product=kesten-450g-900g#primaryimage"},"thumbnailUrl":"https:\/\/opgdjeska.hr\/wp-content\/uploads\/2024\/05\/7b02005f-f0f3-46e6-9cc8-3846898ac6f9.png","datePublished":"2024-05-24T10:35:39+00:00","dateModified":"2024-06-07T08:03:19+00:00","description":"Kestenov med, poznat po svom sna\u017enom i specifi\u010dnom okusu, dobiva se od nektara cvjetova divljeg kestena (Castanea sativa). Ovaj med ima prepoznatljivu tamnu boju i bogat nutritivni profil, \u0161to ga \u010dini vrlo cijenjenim u gastronomiji i tradicionalnoj medicini.","breadcrumb":{"@id":"https:\/\/opgdjeska.hr\/?product=kesten-450g-900g#breadcrumb"},"inLanguage":"hr","potentialAction":[{"@type":"ReadAction","target":["https:\/\/opgdjeska.hr\/?product=kesten-450g-900g"]}]},{"@type":"ImageObject","inLanguage":"hr","@id":"https:\/\/opgdjeska.hr\/?product=kesten-450g-900g#primaryimage","url":"https:\/\/opgdjeska.hr\/wp-content\/uploads\/2024\/05\/7b02005f-f0f3-46e6-9cc8-3846898ac6f9.png","contentUrl":"https:\/\/opgdjeska.hr\/wp-content\/uploads\/2024\/05\/7b02005f-f0f3-46e6-9cc8-3846898ac6f9.png","width":3456,"height":2304},{"@type":"BreadcrumbList","@id":"https:\/\/opgdjeska.hr\/?product=kesten-450g-900g#breadcrumb","itemListElement":[{"@type":"ListItem","position":1,"name":"Po\u010detna stranica","item":"https:\/\/opgdjeska.hr\/"},{"@type":"ListItem","position":2,"name":"Shop","item":"https:\/\/opgdjeska.hr\/?page_id=9"},{"@type":"ListItem","position":3,"name":"KESTEN 450g\/900g"}]},{"@type":"WebSite","@id":"https:\/\/opgdjeska.hr\/#website","url":"https:\/\/opgdjeska.hr\/","name":"opg Dje\u0161ka","description":"Ukus prirode, \u010distih livada - na\u0161 med, tvoj izbor!","publisher":{"@id":"https:\/\/opgdjeska.hr\/#organization"},"alternateName":"opg Dje\u0161ka","potentialAction":[{"@type":"SearchAction","target":{"@type":"EntryPoint","urlTemplate":"https:\/\/opgdjeska.hr\/?s={search_term_string}"},"query-input":{"@type":"PropertyValueSpecification","valueRequired":true,"valueName":"search_term_string"}}],"inLanguage":"hr"},{"@type":"Organization","@id":"https:\/\/opgdjeska.hr\/#organization","name":"OPG Dje\u0161ka","alternateName":"OPG Djeska","url":"https:\/\/opgdjeska.hr\/","logo":{"@type":"ImageObject","inLanguage":"hr","@id":"https:\/\/opgdjeska.hr\/#\/schema\/logo\/image\/","url":"https:\/\/opgdjeska.hr\/wp-content\/uploads\/2024\/04\/opg-djeska-900-x-300-piks-edited.png","contentUrl":"https:\/\/opgdjeska.hr\/wp-content\/uploads\/2024\/04\/opg-djeska-900-x-300-piks-edited.png","width":400,"height":300,"caption":"OPG Dje\u0161ka"},"image":{"@id":"https:\/\/opgdjeska.hr\/#\/schema\/logo\/image\/"}}]}},"jetpack_sharing_enabled":true,"_links":{"self":[{"href":"https:\/\/opgdjeska.hr\/index.php?rest_route=\/wp\/v2\/product\/397","targetHints":{"allow":["GET"]}}],"collection":[{"href":"https:\/\/opgdjeska.hr\/index.php?rest_route=\/wp\/v2\/product"}],"about":[{"href":"https:\/\/opgdjeska.hr\/index.php?rest_route=\/wp\/v2\/types\/product"}],"replies":[{"embeddable":true,"href":"https:\/\/opgdjeska.hr\/index.php?rest_route=%2Fwp%2Fv2%2Fcomments&post=397"}],"wp:featuredmedia":[{"embeddable":true,"href":"https:\/\/opgdjeska.hr\/index.php?rest_route=\/wp\/v2\/media\/400"}],"wp:attachment":[{"href":"https:\/\/opgdjeska.hr\/index.php?rest_route=%2Fwp%2Fv2%2Fmedia&parent=397"}],"wp:term":[{"taxonomy":"product_brand","embeddable":true,"href":"https:\/\/opgdjeska.hr\/index.php?rest_route=%2Fwp%2Fv2%2Fproduct_brand&post=397"},{"taxonomy":"product_cat","embeddable":true,"href":"https:\/\/opgdjeska.hr\/index.php?rest_route=%2Fwp%2Fv2%2Fproduct_cat&post=397"},{"taxonomy":"product_tag","embeddable":true,"href":"https:\/\/opgdjeska.hr\/index.php?rest_route=%2Fwp%2Fv2%2Fproduct_tag&post=397"}],"curies":[{"name":"wp","href":"https:\/\/api.w.org\/{rel}","templated":true}]}}