{"id":145,"date":"2024-04-19T08:33:50","date_gmt":"2024-04-19T08:33:50","guid":{"rendered":"https:\/\/opgdjeska.hr\/?page_id=145"},"modified":"2024-04-19T08:33:50","modified_gmt":"2024-04-19T08:33:50","slug":"map","status":"publish","type":"page","link":"https:\/\/opgdjeska.hr\/?page_id=145","title":{"rendered":"My first map"},"content":{"rendered":"<div id=\"wpgmza_map\" class=\"wpgmza_map\" data-settings='{\"id\":\"1\",\"map_title\":\"My first map\",\"map_width\":\"100\",\"map_height\":\"400\",\"map_start_lat\":\"45.55668800733201\",\"map_start_lng\":\"18.651626097379665\",\"map_start_location\":\"45.950464398418106,-109.81550500000003\",\"map_start_zoom\":\"11\",\"default_marker\":\"\",\"type\":\"1\",\"alignment\":\"4\",\"directions_enabled\":\"0\",\"styling_enabled\":\"0\",\"styling_json\":\"\",\"active\":\"0\",\"kml\":\"\",\"bicycle\":\"0\",\"traffic\":\"0\",\"dbox\":\"0\",\"dbox_width\":\"\",\"listmarkers\":\"0\",\"listmarkers_advanced\":\"0\",\"filterbycat\":\"0\",\"ugm_enabled\":\"0\",\"ugm_category_enabled\":\"0\",\"fusion\":\"\",\"map_width_type\":\"%\",\"map_height_type\":\"px\",\"mass_marker_support\":\"0\",\"ugm_access\":\"0\",\"order_markers_by\":\"0\",\"order_markers_choice\":\"0\",\"show_user_location\":\"0\",\"default_to\":\"\",\"other_settings\":{\"map_type\":1,\"sl_stroke_color\":\"\",\"sl_fill_color\":\"\",\"sl_stroke_opacity\":\"\",\"sl_fill_opacity\":\"\",\"transport_layer\":false,\"action\":\"wpgmza_save_map\",\"redirect_to\":\"\\\/wp-admin\\\/admin-post.php\",\"map_id\":\"1\",\"http_referer\":\"\\\/wp-admin\\\/admin.php?page=wp-google-maps-menu&amp;amp;action=edit&amp;amp;map_id=1\",\"wpgmza_id\":\"1\",\"wpgmza_start_location\":\"45.55668800733201,18.651626097379665\",\"wpgmza_start_zoom\":\"11\",\"wpgmza_theme_data\":\"\",\"store_locator_enabled\":false,\"store_locator_search_area\":\"radial\",\"wpgmza_store_locator_radius_style\":\"legacy\",\"wpgmza_store_locator_default_radius\":\"10\",\"store_locator_auto_area_max_zoom\":\"\",\"store_locator_distance\":false,\"wpgmza_store_locator_position\":false,\"store_locator_show_distance\":false,\"store_locator_category\":false,\"wpgmza_store_locator_use_their_location\":false,\"wpgmza_store_locator_bounce\":false,\"wpgmza_sl_animation\":null,\"wpgmza_store_locator_hide_before_search\":false,\"store_locator_query_string\":\"\",\"store_locator_location_placeholder\":\"\",\"store_locator_default_address\":\"\",\"store_locator_name_search\":false,\"store_locator_name_string\":\"\",\"store_locator_not_found_message\":\"\",\"wpgmza_map_align\":\"1\",\"jump_to_nearest_marker_on_initialization\":false,\"automatically_pan_to_users_location\":false,\"override_users_location_zoom_level\":false,\"override_users_location_zoom_levels\":\"\",\"show_distance_from_location\":false,\"map_max_zoom\":\"21\",\"map_min_zoom\":\"0\",\"click_open_link\":false,\"fit_maps_bounds_to_markers\":false,\"fit_maps_bounds_to_markers_after_filtering\":false,\"hide_point_of_interest\":false,\"wpgmza_zoom_on_marker_click\":false,\"wpgmza_zoom_on_marker_click_slider\":\"\",\"close_infowindow_on_map_click\":false,\"disable_lightbox_images\":false,\"use_Raw_Jpeg_Coordinates\":false,\"polygon_labels\":false,\"disable_polygon_info_windows\":false,\"enable_marker_ratings\":false,\"only_load_markers_within_viewport\":false,\"iw_primary_color\":\"#000000\",\"iw_accent_color\":\"#000000\",\"iw_text_color\":\"#000000\",\"wpgmza_listmarkers_by\":\"0\",\"wpgmza_marker_listing_position\":false,\"wpgmza_push_in_map\":false,\"wpgmza_push_in_map_placement\":null,\"wpgmza_push_in_map_width\":\"\",\"wpgmza_push_in_map_height\":\"\",\"zoom_level_on_marker_listing_override\":false,\"zoom_level_on_marker_listing_click\":\"\",\"marker_listing_disable_zoom\":false,\"datatable_no_result_message\":\"\",\"remove_search_box_datables\":false,\"dataTable_pagination_style\":null,\"datatable_search_string\":\"\",\"datatable_result_start\":\"\",\"datatable_result_of\":\"\",\"datatable_result_to\":\"\",\"datatable_result_total\":\"\",\"datatable_result_show\":\"\",\"datatable_result_entries\":\"\",\"wpgmza_savemap\":\"Spremi Karta \\u00bb\"}}' data-map-id='1' Data-maps-engine='google-maps' data-shortcode-attributes='{\"id\":\"1\"}' style=\"display:block; overflow:auto; width:100%; height:400px; float:left;\"><\/div>\n","protected":false},"excerpt":{"rendered":"","protected":false},"author":1,"featured_media":0,"parent":0,"menu_order":0,"comment_status":"closed","ping_status":"closed","template":"","meta":{"_regular_price":[],"currency_symbol":[],"ub_ctt_via":"","footnotes":""},"class_list":["post-145","page","type-page","status-publish","hentry"],"post_slider_layout_featured_media_urls":{"thumbnail":"","post_slider_layout_landscape_large":"","post_slider_layout_portrait_large":"","post_slider_layout_square_large":"","post_slider_layout_landscape":"","post_slider_layout_portrait":"","post_slider_layout_square":"","full":""},"featured_image_src":null,"yoast_head":"<!-- This site is optimized with the Yoast SEO plugin v24.7 - https:\/\/yoast.com\/wordpress\/plugins\/seo\/ -->\n<title>My first map | opgdjeska<\/title>\n<meta name=\"robots\" content=\"index, follow, max-snippet:-1, max-image-preview:large, max-video-preview:-1\" \/>\n<link rel=\"canonical\" href=\"https:\/\/opgdjeska.hr\/?page_id=145\" \/>\n<meta property=\"og:locale\" content=\"hr_HR\" \/>\n<meta property=\"og:type\" content=\"article\" \/>\n<meta property=\"og:title\" content=\"My first map | opgdjeska\" \/>\n<meta property=\"og:url\" content=\"https:\/\/opgdjeska.hr\/?page_id=145\" \/>\n<meta property=\"og:site_name\" content=\"opgdjeska\" \/>\n<meta name=\"twitter:card\" content=\"summary_large_image\" \/>\n<script type=\"application\/ld+json\" class=\"yoast-schema-graph\">{\"@context\":\"https:\/\/schema.org\",\"@graph\":[{\"@type\":\"WebPage\",\"@id\":\"https:\/\/opgdjeska.hr\/?page_id=145\",\"url\":\"https:\/\/opgdjeska.hr\/?page_id=145\",\"name\":\"My first map | opgdjeska\",\"isPartOf\":{\"@id\":\"https:\/\/opgdjeska.hr\/#website\"},\"datePublished\":\"2024-04-19T08:33:50+00:00\",\"breadcrumb\":{\"@id\":\"https:\/\/opgdjeska.hr\/?page_id=145#breadcrumb\"},\"inLanguage\":\"hr\",\"potentialAction\":[{\"@type\":\"ReadAction\",\"target\":[\"https:\/\/opgdjeska.hr\/?page_id=145\"]}]},{\"@type\":\"BreadcrumbList\",\"@id\":\"https:\/\/opgdjeska.hr\/?page_id=145#breadcrumb\",\"itemListElement\":[{\"@type\":\"ListItem\",\"position\":1,\"name\":\"Po\u010detna stranica\",\"item\":\"https:\/\/opgdjeska.hr\/\"},{\"@type\":\"ListItem\",\"position\":2,\"name\":\"My first map\"}]},{\"@type\":\"WebSite\",\"@id\":\"https:\/\/opgdjeska.hr\/#website\",\"url\":\"https:\/\/opgdjeska.hr\/\",\"name\":\"opg Dje\u0161ka\",\"description\":\"Ukus prirode, \u010distih livada - na\u0161 med, tvoj izbor!\",\"publisher\":{\"@id\":\"https:\/\/opgdjeska.hr\/#organization\"},\"alternateName\":\"opg Dje\u0161ka\",\"potentialAction\":[{\"@type\":\"SearchAction\",\"target\":{\"@type\":\"EntryPoint\",\"urlTemplate\":\"https:\/\/opgdjeska.hr\/?s={search_term_string}\"},\"query-input\":{\"@type\":\"PropertyValueSpecification\",\"valueRequired\":true,\"valueName\":\"search_term_string\"}}],\"inLanguage\":\"hr\"},{\"@type\":\"Organization\",\"@id\":\"https:\/\/opgdjeska.hr\/#organization\",\"name\":\"OPG Dje\u0161ka\",\"alternateName\":\"OPG Djeska\",\"url\":\"https:\/\/opgdjeska.hr\/\",\"logo\":{\"@type\":\"ImageObject\",\"inLanguage\":\"hr\",\"@id\":\"https:\/\/opgdjeska.hr\/#\/schema\/logo\/image\/\",\"url\":\"https:\/\/opgdjeska.hr\/wp-content\/uploads\/2024\/04\/opg-djeska-900-x-300-piks-edited.png\",\"contentUrl\":\"https:\/\/opgdjeska.hr\/wp-content\/uploads\/2024\/04\/opg-djeska-900-x-300-piks-edited.png\",\"width\":400,\"height\":300,\"caption\":\"OPG Dje\u0161ka\"},\"image\":{\"@id\":\"https:\/\/opgdjeska.hr\/#\/schema\/logo\/image\/\"}}]}<\/script>\n<!-- \/ Yoast SEO plugin. -->","yoast_head_json":{"title":"My first map | opgdjeska","robots":{"index":"index","follow":"follow","max-snippet":"max-snippet:-1","max-image-preview":"max-image-preview:large","max-video-preview":"max-video-preview:-1"},"canonical":"https:\/\/opgdjeska.hr\/?page_id=145","og_locale":"hr_HR","og_type":"article","og_title":"My first map | opgdjeska","og_url":"https:\/\/opgdjeska.hr\/?page_id=145","og_site_name":"opgdjeska","twitter_card":"summary_large_image","schema":{"@context":"https:\/\/schema.org","@graph":[{"@type":"WebPage","@id":"https:\/\/opgdjeska.hr\/?page_id=145","url":"https:\/\/opgdjeska.hr\/?page_id=145","name":"My first map | opgdjeska","isPartOf":{"@id":"https:\/\/opgdjeska.hr\/#website"},"datePublished":"2024-04-19T08:33:50+00:00","breadcrumb":{"@id":"https:\/\/opgdjeska.hr\/?page_id=145#breadcrumb"},"inLanguage":"hr","potentialAction":[{"@type":"ReadAction","target":["https:\/\/opgdjeska.hr\/?page_id=145"]}]},{"@type":"BreadcrumbList","@id":"https:\/\/opgdjeska.hr\/?page_id=145#breadcrumb","itemListElement":[{"@type":"ListItem","position":1,"name":"Po\u010detna stranica","item":"https:\/\/opgdjeska.hr\/"},{"@type":"ListItem","position":2,"name":"My first map"}]},{"@type":"WebSite","@id":"https:\/\/opgdjeska.hr\/#website","url":"https:\/\/opgdjeska.hr\/","name":"opg Dje\u0161ka","description":"Ukus prirode, \u010distih livada - na\u0161 med, tvoj izbor!","publisher":{"@id":"https:\/\/opgdjeska.hr\/#organization"},"alternateName":"opg Dje\u0161ka","potentialAction":[{"@type":"SearchAction","target":{"@type":"EntryPoint","urlTemplate":"https:\/\/opgdjeska.hr\/?s={search_term_string}"},"query-input":{"@type":"PropertyValueSpecification","valueRequired":true,"valueName":"search_term_string"}}],"inLanguage":"hr"},{"@type":"Organization","@id":"https:\/\/opgdjeska.hr\/#organization","name":"OPG Dje\u0161ka","alternateName":"OPG Djeska","url":"https:\/\/opgdjeska.hr\/","logo":{"@type":"ImageObject","inLanguage":"hr","@id":"https:\/\/opgdjeska.hr\/#\/schema\/logo\/image\/","url":"https:\/\/opgdjeska.hr\/wp-content\/uploads\/2024\/04\/opg-djeska-900-x-300-piks-edited.png","contentUrl":"https:\/\/opgdjeska.hr\/wp-content\/uploads\/2024\/04\/opg-djeska-900-x-300-piks-edited.png","width":400,"height":300,"caption":"OPG Dje\u0161ka"},"image":{"@id":"https:\/\/opgdjeska.hr\/#\/schema\/logo\/image\/"}}]}},"jetpack_sharing_enabled":true,"_links":{"self":[{"href":"https:\/\/opgdjeska.hr\/index.php?rest_route=\/wp\/v2\/pages\/145","targetHints":{"allow":["GET"]}}],"collection":[{"href":"https:\/\/opgdjeska.hr\/index.php?rest_route=\/wp\/v2\/pages"}],"about":[{"href":"https:\/\/opgdjeska.hr\/index.php?rest_route=\/wp\/v2\/types\/page"}],"author":[{"embeddable":true,"href":"https:\/\/opgdjeska.hr\/index.php?rest_route=\/wp\/v2\/users\/1"}],"replies":[{"embeddable":true,"href":"https:\/\/opgdjeska.hr\/index.php?rest_route=%2Fwp%2Fv2%2Fcomments&post=145"}],"version-history":[{"count":0,"href":"https:\/\/opgdjeska.hr\/index.php?rest_route=\/wp\/v2\/pages\/145\/revisions"}],"wp:attachment":[{"href":"https:\/\/opgdjeska.hr\/index.php?rest_route=%2Fwp%2Fv2%2Fmedia&parent=145"}],"curies":[{"name":"wp","href":"https:\/\/api.w.org\/{rel}","templated":true}]}}