{"id":125,"date":"2024-04-19T07:40:44","date_gmt":"2024-04-19T07:40:44","guid":{"rendered":"https:\/\/opgdjeska.hr\/?page_id=125"},"modified":"2024-06-07T07:30:02","modified_gmt":"2024-06-07T07:30:02","slug":"o-nama","status":"publish","type":"page","link":"https:\/\/opgdjeska.hr\/?page_id=125","title":{"rendered":"O nama"},"content":{"rendered":"<p class=\"has-barlowcondensed-font-family\" style=\"font-size:26px\">Dobrodo\u0161li u svijet prirodnih blaga <strong>OPG Dje\u0161ka<\/strong>! Na\u0161a obiteljska tradicija p\u010delarenja zapo\u010dela je jo\u0161 2005. godine, kada smo otkrili strast prema p\u010delama i proizvodima koje nam one daruju. Uspje\u0161nost i rast na\u0161eg rada doveo nas je do osnivanja vlastitog obiteljskog poljoprivrednog gospodarstva 2018. godine, \u0161to je bio prirodni korak naprijed u profesionalizaciji i \u0161irenju na\u0161ih aktivnosti.<\/p><figure class=\"wp-block-image aligncenter size-full\"><img loading=\"lazy\" decoding=\"async\" width=\"373\" height=\"210\" src=\"https:\/\/opgdjeska.hr\/wp-content\/uploads\/2024\/04\/opg-djeska-900-x-300-piks-edited-1.png\" alt=\"\" class=\"wp-image-104\" srcset=\"https:\/\/opgdjeska.hr\/wp-content\/uploads\/2024\/04\/opg-djeska-900-x-300-piks-edited-1.png 373w, https:\/\/opgdjeska.hr\/wp-content\/uploads\/2024\/04\/opg-djeska-900-x-300-piks-edited-1-300x169.png 300w\" sizes=\"auto, (max-width: 373px) 100vw, 373px\" \/><\/figure><div class=\"wp-block-columns is-layout-flex wp-container-core-columns-is-layout-28f84493 wp-block-columns-is-layout-flex\"><div class=\"wp-block-column is-layout-flow wp-block-column-is-layout-flow\"><p><\/p>\n\n<p class=\"has-barlowcondensed-font-family\" style=\"font-size:26px\">Specijalizirani smo za proizvodnju visokokvalitetnih medova, a na\u0161 asortiman je bogat i raznolik. Izdvajamo klasi\u010dne sorte poput bagremovog meda, poznatog po svojoj svijetloj boji i delikatnom cvjetnom okusu, kestenovog meda s intenzivnim i bogatim okusom te amorfe meda, koji o\u010darava svojim jedinstvenim aromama. Ponosni smo na na\u0161 cvjetni med, mje\u0161avinu nektara razli\u010ditih cvjetova, i \u0161umski med, koji se dobiva iz \u0161umskih podru\u010dja i poznat je po tamnijoj boji i ja\u010dem okusu.<\/p><\/div>\n\n<div class=\"wp-block-column is-layout-flow wp-block-column-is-layout-flow\"><figure class=\"wp-block-image aligncenter size-full is-resized has-custom-border is-style-rounded\"><img loading=\"lazy\" decoding=\"async\" width=\"540\" height=\"540\" src=\"https:\/\/opgdjeska.hr\/wp-content\/uploads\/2024\/04\/278453847_2301006850063482_7920160508455211125_n-edited.jpg\" alt=\"\" class=\"wp-image-229\" style=\"border-width:23px;width:510px;height:auto\" srcset=\"https:\/\/opgdjeska.hr\/wp-content\/uploads\/2024\/04\/278453847_2301006850063482_7920160508455211125_n-edited.jpg 540w, https:\/\/opgdjeska.hr\/wp-content\/uploads\/2024\/04\/278453847_2301006850063482_7920160508455211125_n-edited-300x300.jpg 300w, https:\/\/opgdjeska.hr\/wp-content\/uploads\/2024\/04\/278453847_2301006850063482_7920160508455211125_n-edited-150x150.jpg 150w, https:\/\/opgdjeska.hr\/wp-content\/uploads\/2024\/04\/278453847_2301006850063482_7920160508455211125_n-edited-100x100.jpg 100w\" sizes=\"auto, (max-width: 540px) 100vw, 540px\" \/><\/figure><\/div><\/div><div class=\"wp-block-columns is-layout-flex wp-container-core-columns-is-layout-28f84493 wp-block-columns-is-layout-flex\"><div class=\"wp-block-column is-layout-flow wp-block-column-is-layout-flow\"><figure class=\"wp-block-image aligncenter size-large is-resized has-custom-border is-style-rounded\"><img loading=\"lazy\" decoding=\"async\" width=\"2305\" height=\"2304\" src=\"https:\/\/opgdjeska.hr\/wp-content\/uploads\/2024\/05\/0f33aea0-d44b-4d75-b63a-9160c4a62224-edited.png\" alt=\"\" class=\"wp-image-469\" style=\"border-width:23px;width:541px;height:auto\" srcset=\"https:\/\/opgdjeska.hr\/wp-content\/uploads\/2024\/05\/0f33aea0-d44b-4d75-b63a-9160c4a62224-edited.png 2305w, https:\/\/opgdjeska.hr\/wp-content\/uploads\/2024\/05\/0f33aea0-d44b-4d75-b63a-9160c4a62224-edited-300x300.png 300w, https:\/\/opgdjeska.hr\/wp-content\/uploads\/2024\/05\/0f33aea0-d44b-4d75-b63a-9160c4a62224-edited-1024x1024.png 1024w, https:\/\/opgdjeska.hr\/wp-content\/uploads\/2024\/05\/0f33aea0-d44b-4d75-b63a-9160c4a62224-edited-150x150.png 150w, https:\/\/opgdjeska.hr\/wp-content\/uploads\/2024\/05\/0f33aea0-d44b-4d75-b63a-9160c4a62224-edited-768x768.png 768w, https:\/\/opgdjeska.hr\/wp-content\/uploads\/2024\/05\/0f33aea0-d44b-4d75-b63a-9160c4a62224-edited-1536x1536.png 1536w, https:\/\/opgdjeska.hr\/wp-content\/uploads\/2024\/05\/0f33aea0-d44b-4d75-b63a-9160c4a62224-edited-2048x2048.png 2048w, https:\/\/opgdjeska.hr\/wp-content\/uploads\/2024\/05\/0f33aea0-d44b-4d75-b63a-9160c4a62224-edited-1200x1200.png 1200w, https:\/\/opgdjeska.hr\/wp-content\/uploads\/2024\/05\/0f33aea0-d44b-4d75-b63a-9160c4a62224-edited-600x600.png 600w, https:\/\/opgdjeska.hr\/wp-content\/uploads\/2024\/05\/0f33aea0-d44b-4d75-b63a-9160c4a62224-edited-1320x1319.png 1320w, https:\/\/opgdjeska.hr\/wp-content\/uploads\/2024\/05\/0f33aea0-d44b-4d75-b63a-9160c4a62224-edited-100x100.png 100w, https:\/\/opgdjeska.hr\/wp-content\/uploads\/2024\/05\/0f33aea0-d44b-4d75-b63a-9160c4a62224-edited-50x50.png 50w\" sizes=\"auto, (max-width: 2305px) 100vw, 2305px\" \/><\/figure><\/div>\n\n<div class=\"wp-block-column is-layout-flow wp-block-column-is-layout-flow\"><div class=\"wp-block-group is-vertical is-layout-flex wp-container-core-group-is-layout-fe9cc265 wp-block-group-is-layout-flex\"><\/div>\n\n<p class=\"has-barlowcondensed-font-family\" style=\"font-size:26px\">Jedan od na\u0161ih posebnih proizvoda je <strong>MIX- med,<\/strong> unikatni med koji kombinira mati\u010dnu mlije\u010d,propolis i cvjetni prah. Ova mje\u0161avina je savr\u0161ena za ja\u010danje imuniteta, \u010disti i obnavlja jetru, krv i bubrege, poma\u017ee kod gastritisa i \u010dira na \u017eeludcu i dobar je kod crijevnih infekcija. Ova &#8220;imuno bomba&#8221; je formulirana kako bi pru\u017eila sna\u017enu podr\u0161ku va\u0161em imunolo\u0161kom sustavu i op\u0107em zdravlju.<\/p><\/div><\/div><div class=\"wp-block-group is-vertical is-layout-flex wp-container-core-group-is-layout-fe9cc265 wp-block-group-is-layout-flex\"><\/div><p class=\"has-barlowcondensed-font-family has-large-font-size\">Osim meda, na\u0161 <strong>OPG<\/strong> ponosno nudi \u0161irok spektar drugih p\u010delinjih proizvoda, uklju\u010duju\u0107i propolis, mati\u010dnu mlije\u010d i peludni prah, koji su izvrsni za ja\u010danje imuniteta i vitalnosti.<\/p><p class=\"has-barlowcondensed-font-family has-large-font-size\">\u0160ire\u0107i na\u0161u ljubav prema prirodi, u na\u0161u ponudu uklju\u010dili smo i druge zdrave proizvode poput lje\u0161njaka, aronije i jabu\u010dnog octa. Lje\u0161njaci su uzgajani s mnogo ljubavi i pa\u017enje, dok aronija i jabu\u010dni ocat dolaze kao rezultat na\u0161eg kontinuiranog truda da svojim kupcima ponudimo samo najbolje iz prirode.<\/p><p class=\"has-barlowcondensed-font-family has-large-font-size\">Posjetite nas i uvjerite se u kvalitetu i bogatstvo okusa na\u0161ih proizvoda, a mi vam obe\u0107avamo iskreno gostoprimstvo i proizvode koji dolaze izravno iz srca na\u0161e obitelji. U OPG Dje\u0161ka, svaki proizvod ima svoju pri\u010du, a mi smo tu da te pri\u010de podijelimo s vama.<\/p><div class=\"wp-block-jetpack-slideshow is-style-rectangular\" data-autoplay=\"true\" data-delay=\"3\" data-effect=\"slide\"><div class=\"wp-block-jetpack-slideshow_container swiper-container\"><ul class=\"wp-block-jetpack-slideshow_swiper-wrapper swiper-wrapper\"><li class=\"wp-block-jetpack-slideshow_slide swiper-slide\"><figure><img loading=\"lazy\" decoding=\"async\" width=\"1440\" height=\"1072\" alt=\"\" class=\"wp-block-jetpack-slideshow_image wp-image-246\" data-id=\"246\" src=\"https:\/\/opgdjeska.hr\/wp-content\/uploads\/2024\/04\/241748940_2133643190133183_3773114198743357078_n-1.jpg\" srcset=\"https:\/\/opgdjeska.hr\/wp-content\/uploads\/2024\/04\/241748940_2133643190133183_3773114198743357078_n-1.jpg 1440w, https:\/\/opgdjeska.hr\/wp-content\/uploads\/2024\/04\/241748940_2133643190133183_3773114198743357078_n-1-300x223.jpg 300w, https:\/\/opgdjeska.hr\/wp-content\/uploads\/2024\/04\/241748940_2133643190133183_3773114198743357078_n-1-1024x762.jpg 1024w, https:\/\/opgdjeska.hr\/wp-content\/uploads\/2024\/04\/241748940_2133643190133183_3773114198743357078_n-1-768x572.jpg 768w, https:\/\/opgdjeska.hr\/wp-content\/uploads\/2024\/04\/241748940_2133643190133183_3773114198743357078_n-1-1320x983.jpg 1320w, https:\/\/opgdjeska.hr\/wp-content\/uploads\/2024\/04\/241748940_2133643190133183_3773114198743357078_n-1-600x447.jpg 600w\" sizes=\"auto, (max-width: 1440px) 100vw, 1440px\" \/><\/figure><\/li><li class=\"wp-block-jetpack-slideshow_slide swiper-slide\"><figure><img loading=\"lazy\" decoding=\"async\" width=\"960\" height=\"720\" alt=\"\" class=\"wp-block-jetpack-slideshow_image wp-image-247\" data-id=\"247\" src=\"https:\/\/opgdjeska.hr\/wp-content\/uploads\/2024\/04\/260344097_2201074730056695_6652552637257256334_n-1.jpg\" srcset=\"https:\/\/opgdjeska.hr\/wp-content\/uploads\/2024\/04\/260344097_2201074730056695_6652552637257256334_n-1.jpg 960w, https:\/\/opgdjeska.hr\/wp-content\/uploads\/2024\/04\/260344097_2201074730056695_6652552637257256334_n-1-300x225.jpg 300w, https:\/\/opgdjeska.hr\/wp-content\/uploads\/2024\/04\/260344097_2201074730056695_6652552637257256334_n-1-768x576.jpg 768w, https:\/\/opgdjeska.hr\/wp-content\/uploads\/2024\/04\/260344097_2201074730056695_6652552637257256334_n-1-600x450.jpg 600w\" sizes=\"auto, (max-width: 960px) 100vw, 960px\" \/><\/figure><\/li><li class=\"wp-block-jetpack-slideshow_slide swiper-slide\"><figure><img loading=\"lazy\" decoding=\"async\" width=\"960\" height=\"720\" alt=\"\" class=\"wp-block-jetpack-slideshow_image wp-image-248\" data-id=\"248\" src=\"https:\/\/opgdjeska.hr\/wp-content\/uploads\/2024\/04\/266364449_2205596376271197_5745869166196816927_n-1.jpg\" srcset=\"https:\/\/opgdjeska.hr\/wp-content\/uploads\/2024\/04\/266364449_2205596376271197_5745869166196816927_n-1.jpg 960w, https:\/\/opgdjeska.hr\/wp-content\/uploads\/2024\/04\/266364449_2205596376271197_5745869166196816927_n-1-300x225.jpg 300w, https:\/\/opgdjeska.hr\/wp-content\/uploads\/2024\/04\/266364449_2205596376271197_5745869166196816927_n-1-768x576.jpg 768w, https:\/\/opgdjeska.hr\/wp-content\/uploads\/2024\/04\/266364449_2205596376271197_5745869166196816927_n-1-600x450.jpg 600w\" sizes=\"auto, (max-width: 960px) 100vw, 960px\" \/><\/figure><\/li><li class=\"wp-block-jetpack-slideshow_slide swiper-slide\"><figure><img loading=\"lazy\" decoding=\"async\" width=\"1600\" height=\"1200\" alt=\"\" class=\"wp-block-jetpack-slideshow_image wp-image-249\" data-id=\"249\" src=\"https:\/\/opgdjeska.hr\/wp-content\/uploads\/2024\/04\/276999471_2284575115039989_6685364889371010013_n-1.jpg\" srcset=\"https:\/\/opgdjeska.hr\/wp-content\/uploads\/2024\/04\/276999471_2284575115039989_6685364889371010013_n-1.jpg 1600w, https:\/\/opgdjeska.hr\/wp-content\/uploads\/2024\/04\/276999471_2284575115039989_6685364889371010013_n-1-300x225.jpg 300w, https:\/\/opgdjeska.hr\/wp-content\/uploads\/2024\/04\/276999471_2284575115039989_6685364889371010013_n-1-1024x768.jpg 1024w, https:\/\/opgdjeska.hr\/wp-content\/uploads\/2024\/04\/276999471_2284575115039989_6685364889371010013_n-1-768x576.jpg 768w, https:\/\/opgdjeska.hr\/wp-content\/uploads\/2024\/04\/276999471_2284575115039989_6685364889371010013_n-1-1536x1152.jpg 1536w, https:\/\/opgdjeska.hr\/wp-content\/uploads\/2024\/04\/276999471_2284575115039989_6685364889371010013_n-1-1320x990.jpg 1320w, https:\/\/opgdjeska.hr\/wp-content\/uploads\/2024\/04\/276999471_2284575115039989_6685364889371010013_n-1-600x450.jpg 600w\" sizes=\"auto, (max-width: 1600px) 100vw, 1600px\" \/><\/figure><\/li><li class=\"wp-block-jetpack-slideshow_slide swiper-slide\"><figure><img loading=\"lazy\" decoding=\"async\" width=\"720\" height=\"540\" alt=\"\" class=\"wp-block-jetpack-slideshow_image wp-image-252\" data-id=\"252\" src=\"https:\/\/opgdjeska.hr\/wp-content\/uploads\/2024\/04\/278453847_2301006850063482_7920160508455211125_n-1.jpg\" srcset=\"https:\/\/opgdjeska.hr\/wp-content\/uploads\/2024\/04\/278453847_2301006850063482_7920160508455211125_n-1.jpg 720w, https:\/\/opgdjeska.hr\/wp-content\/uploads\/2024\/04\/278453847_2301006850063482_7920160508455211125_n-1-300x225.jpg 300w, https:\/\/opgdjeska.hr\/wp-content\/uploads\/2024\/04\/278453847_2301006850063482_7920160508455211125_n-1-600x450.jpg 600w\" sizes=\"auto, (max-width: 720px) 100vw, 720px\" \/><\/figure><\/li><\/ul><a class=\"wp-block-jetpack-slideshow_button-prev swiper-button-prev swiper-button-white\" role=\"button\"><\/a><a class=\"wp-block-jetpack-slideshow_button-next swiper-button-next swiper-button-white\" role=\"button\"><\/a><a aria-label=\"Pause Slideshow\" class=\"wp-block-jetpack-slideshow_button-pause\" role=\"button\"><\/a><div class=\"wp-block-jetpack-slideshow_pagination swiper-pagination swiper-pagination-white\"><\/div><\/div><\/div>","protected":false},"excerpt":{"rendered":"<p>Dobrodo\u0161li u svijet prirodnih blaga OPG Dje\u0161ka! Na\u0161a obiteljska tradicija p\u010delarenja zapo\u010dela je jo\u0161 2005. [&hellip;]<\/p>\n","protected":false},"author":1,"featured_media":0,"parent":0,"menu_order":0,"comment_status":"closed","ping_status":"closed","template":"","meta":{"_regular_price":[],"currency_symbol":[],"ub_ctt_via":"","footnotes":""},"class_list":["post-125","page","type-page","status-publish","hentry"],"post_slider_layout_featured_media_urls":{"thumbnail":"","post_slider_layout_landscape_large":"","post_slider_layout_portrait_large":"","post_slider_layout_square_large":"","post_slider_layout_landscape":"","post_slider_layout_portrait":"","post_slider_layout_square":"","full":""},"featured_image_src":null,"yoast_head":"<!-- This site is optimized with the Yoast SEO plugin v24.7 - https:\/\/yoast.com\/wordpress\/plugins\/seo\/ -->\n<title>O nama | opgdjeska<\/title>\n<meta name=\"description\" content=\"Dobrodo\u0161li u svijet prirodnih blaga OPG Dje\u0161ka! Na\u0161a obiteljska tradicija p\u010delarenja zapo\u010dela je jo\u0161 2005. godine, kada smo otkrili strast prema p\u010delama i proizvodima koje nam one daruju. Uspje\u0161nost i rast na\u0161eg rada doveo nas je do osnivanja vlastitog obiteljskog poljoprivrednog gospodarstva 2018. godine, \u0161to je bio prirodni korak naprijed u profesionalizaciji i \u0161irenju na\u0161ih aktivnosti.\" \/>\n<meta name=\"robots\" content=\"index, follow, max-snippet:-1, max-image-preview:large, max-video-preview:-1\" \/>\n<link rel=\"canonical\" href=\"https:\/\/opgdjeska.hr\/?page_id=125\" \/>\n<meta property=\"og:locale\" content=\"hr_HR\" \/>\n<meta property=\"og:type\" content=\"article\" \/>\n<meta property=\"og:title\" content=\"O nama | opgdjeska\" \/>\n<meta property=\"og:description\" content=\"Dobrodo\u0161li u svijet prirodnih blaga OPG Dje\u0161ka! Na\u0161a obiteljska tradicija p\u010delarenja zapo\u010dela je jo\u0161 2005. godine, kada smo otkrili strast prema p\u010delama i proizvodima koje nam one daruju. Uspje\u0161nost i rast na\u0161eg rada doveo nas je do osnivanja vlastitog obiteljskog poljoprivrednog gospodarstva 2018. godine, \u0161to je bio prirodni korak naprijed u profesionalizaciji i \u0161irenju na\u0161ih aktivnosti.\" \/>\n<meta property=\"og:url\" content=\"https:\/\/opgdjeska.hr\/?page_id=125\" \/>\n<meta property=\"og:site_name\" content=\"opgdjeska\" \/>\n<meta property=\"article:modified_time\" content=\"2024-06-07T07:30:02+00:00\" \/>\n<meta property=\"og:image\" content=\"https:\/\/opgdjeska.hr\/wp-content\/uploads\/2024\/04\/opg-djeska-900-x-300-piks-edited-1.png\" \/>\n<meta name=\"twitter:card\" content=\"summary_large_image\" \/>\n<meta name=\"twitter:label1\" content=\"Procijenjeno vrijeme \u010ditanja\" \/>\n\t<meta name=\"twitter:data1\" content=\"4 minute\" \/>\n<script type=\"application\/ld+json\" class=\"yoast-schema-graph\">{\"@context\":\"https:\/\/schema.org\",\"@graph\":[{\"@type\":\"WebPage\",\"@id\":\"https:\/\/opgdjeska.hr\/?page_id=125\",\"url\":\"https:\/\/opgdjeska.hr\/?page_id=125\",\"name\":\"O nama | opgdjeska\",\"isPartOf\":{\"@id\":\"https:\/\/opgdjeska.hr\/#website\"},\"primaryImageOfPage\":{\"@id\":\"https:\/\/opgdjeska.hr\/?page_id=125#primaryimage\"},\"image\":{\"@id\":\"https:\/\/opgdjeska.hr\/?page_id=125#primaryimage\"},\"thumbnailUrl\":\"https:\/\/opgdjeska.hr\/wp-content\/uploads\/2024\/04\/opg-djeska-900-x-300-piks-edited-1.png\",\"datePublished\":\"2024-04-19T07:40:44+00:00\",\"dateModified\":\"2024-06-07T07:30:02+00:00\",\"description\":\"Dobrodo\u0161li u svijet prirodnih blaga OPG Dje\u0161ka! Na\u0161a obiteljska tradicija p\u010delarenja zapo\u010dela je jo\u0161 2005. godine, kada smo otkrili strast prema p\u010delama i proizvodima koje nam one daruju. Uspje\u0161nost i rast na\u0161eg rada doveo nas je do osnivanja vlastitog obiteljskog poljoprivrednog gospodarstva 2018. godine, \u0161to je bio prirodni korak naprijed u profesionalizaciji i \u0161irenju na\u0161ih aktivnosti.\",\"breadcrumb\":{\"@id\":\"https:\/\/opgdjeska.hr\/?page_id=125#breadcrumb\"},\"inLanguage\":\"hr\",\"potentialAction\":[{\"@type\":\"ReadAction\",\"target\":[\"https:\/\/opgdjeska.hr\/?page_id=125\"]}]},{\"@type\":\"ImageObject\",\"inLanguage\":\"hr\",\"@id\":\"https:\/\/opgdjeska.hr\/?page_id=125#primaryimage\",\"url\":\"https:\/\/opgdjeska.hr\/wp-content\/uploads\/2024\/04\/opg-djeska-900-x-300-piks-edited-1.png\",\"contentUrl\":\"https:\/\/opgdjeska.hr\/wp-content\/uploads\/2024\/04\/opg-djeska-900-x-300-piks-edited-1.png\",\"width\":373,\"height\":210},{\"@type\":\"BreadcrumbList\",\"@id\":\"https:\/\/opgdjeska.hr\/?page_id=125#breadcrumb\",\"itemListElement\":[{\"@type\":\"ListItem\",\"position\":1,\"name\":\"Po\u010detna stranica\",\"item\":\"https:\/\/opgdjeska.hr\/\"},{\"@type\":\"ListItem\",\"position\":2,\"name\":\"O nama\"}]},{\"@type\":\"WebSite\",\"@id\":\"https:\/\/opgdjeska.hr\/#website\",\"url\":\"https:\/\/opgdjeska.hr\/\",\"name\":\"opg Dje\u0161ka\",\"description\":\"Ukus prirode, \u010distih livada - na\u0161 med, tvoj izbor!\",\"publisher\":{\"@id\":\"https:\/\/opgdjeska.hr\/#organization\"},\"alternateName\":\"opg Dje\u0161ka\",\"potentialAction\":[{\"@type\":\"SearchAction\",\"target\":{\"@type\":\"EntryPoint\",\"urlTemplate\":\"https:\/\/opgdjeska.hr\/?s={search_term_string}\"},\"query-input\":{\"@type\":\"PropertyValueSpecification\",\"valueRequired\":true,\"valueName\":\"search_term_string\"}}],\"inLanguage\":\"hr\"},{\"@type\":\"Organization\",\"@id\":\"https:\/\/opgdjeska.hr\/#organization\",\"name\":\"OPG Dje\u0161ka\",\"alternateName\":\"OPG Djeska\",\"url\":\"https:\/\/opgdjeska.hr\/\",\"logo\":{\"@type\":\"ImageObject\",\"inLanguage\":\"hr\",\"@id\":\"https:\/\/opgdjeska.hr\/#\/schema\/logo\/image\/\",\"url\":\"https:\/\/opgdjeska.hr\/wp-content\/uploads\/2024\/04\/opg-djeska-900-x-300-piks-edited.png\",\"contentUrl\":\"https:\/\/opgdjeska.hr\/wp-content\/uploads\/2024\/04\/opg-djeska-900-x-300-piks-edited.png\",\"width\":400,\"height\":300,\"caption\":\"OPG Dje\u0161ka\"},\"image\":{\"@id\":\"https:\/\/opgdjeska.hr\/#\/schema\/logo\/image\/\"}}]}<\/script>\n<!-- \/ Yoast SEO plugin. -->","yoast_head_json":{"title":"O nama | opgdjeska","description":"Dobrodo\u0161li u svijet prirodnih blaga OPG Dje\u0161ka! Na\u0161a obiteljska tradicija p\u010delarenja zapo\u010dela je jo\u0161 2005. godine, kada smo otkrili strast prema p\u010delama i proizvodima koje nam one daruju. Uspje\u0161nost i rast na\u0161eg rada doveo nas je do osnivanja vlastitog obiteljskog poljoprivrednog gospodarstva 2018. godine, \u0161to je bio prirodni korak naprijed u profesionalizaciji i \u0161irenju na\u0161ih aktivnosti.","robots":{"index":"index","follow":"follow","max-snippet":"max-snippet:-1","max-image-preview":"max-image-preview:large","max-video-preview":"max-video-preview:-1"},"canonical":"https:\/\/opgdjeska.hr\/?page_id=125","og_locale":"hr_HR","og_type":"article","og_title":"O nama | opgdjeska","og_description":"Dobrodo\u0161li u svijet prirodnih blaga OPG Dje\u0161ka! Na\u0161a obiteljska tradicija p\u010delarenja zapo\u010dela je jo\u0161 2005. godine, kada smo otkrili strast prema p\u010delama i proizvodima koje nam one daruju. Uspje\u0161nost i rast na\u0161eg rada doveo nas je do osnivanja vlastitog obiteljskog poljoprivrednog gospodarstva 2018. godine, \u0161to je bio prirodni korak naprijed u profesionalizaciji i \u0161irenju na\u0161ih aktivnosti.","og_url":"https:\/\/opgdjeska.hr\/?page_id=125","og_site_name":"opgdjeska","article_modified_time":"2024-06-07T07:30:02+00:00","og_image":[{"url":"https:\/\/opgdjeska.hr\/wp-content\/uploads\/2024\/04\/opg-djeska-900-x-300-piks-edited-1.png","type":"","width":"","height":""}],"twitter_card":"summary_large_image","twitter_misc":{"Procijenjeno vrijeme \u010ditanja":"4 minute"},"schema":{"@context":"https:\/\/schema.org","@graph":[{"@type":"WebPage","@id":"https:\/\/opgdjeska.hr\/?page_id=125","url":"https:\/\/opgdjeska.hr\/?page_id=125","name":"O nama | opgdjeska","isPartOf":{"@id":"https:\/\/opgdjeska.hr\/#website"},"primaryImageOfPage":{"@id":"https:\/\/opgdjeska.hr\/?page_id=125#primaryimage"},"image":{"@id":"https:\/\/opgdjeska.hr\/?page_id=125#primaryimage"},"thumbnailUrl":"https:\/\/opgdjeska.hr\/wp-content\/uploads\/2024\/04\/opg-djeska-900-x-300-piks-edited-1.png","datePublished":"2024-04-19T07:40:44+00:00","dateModified":"2024-06-07T07:30:02+00:00","description":"Dobrodo\u0161li u svijet prirodnih blaga OPG Dje\u0161ka! Na\u0161a obiteljska tradicija p\u010delarenja zapo\u010dela je jo\u0161 2005. godine, kada smo otkrili strast prema p\u010delama i proizvodima koje nam one daruju. Uspje\u0161nost i rast na\u0161eg rada doveo nas je do osnivanja vlastitog obiteljskog poljoprivrednog gospodarstva 2018. godine, \u0161to je bio prirodni korak naprijed u profesionalizaciji i \u0161irenju na\u0161ih aktivnosti.","breadcrumb":{"@id":"https:\/\/opgdjeska.hr\/?page_id=125#breadcrumb"},"inLanguage":"hr","potentialAction":[{"@type":"ReadAction","target":["https:\/\/opgdjeska.hr\/?page_id=125"]}]},{"@type":"ImageObject","inLanguage":"hr","@id":"https:\/\/opgdjeska.hr\/?page_id=125#primaryimage","url":"https:\/\/opgdjeska.hr\/wp-content\/uploads\/2024\/04\/opg-djeska-900-x-300-piks-edited-1.png","contentUrl":"https:\/\/opgdjeska.hr\/wp-content\/uploads\/2024\/04\/opg-djeska-900-x-300-piks-edited-1.png","width":373,"height":210},{"@type":"BreadcrumbList","@id":"https:\/\/opgdjeska.hr\/?page_id=125#breadcrumb","itemListElement":[{"@type":"ListItem","position":1,"name":"Po\u010detna stranica","item":"https:\/\/opgdjeska.hr\/"},{"@type":"ListItem","position":2,"name":"O nama"}]},{"@type":"WebSite","@id":"https:\/\/opgdjeska.hr\/#website","url":"https:\/\/opgdjeska.hr\/","name":"opg Dje\u0161ka","description":"Ukus prirode, \u010distih livada - na\u0161 med, tvoj izbor!","publisher":{"@id":"https:\/\/opgdjeska.hr\/#organization"},"alternateName":"opg Dje\u0161ka","potentialAction":[{"@type":"SearchAction","target":{"@type":"EntryPoint","urlTemplate":"https:\/\/opgdjeska.hr\/?s={search_term_string}"},"query-input":{"@type":"PropertyValueSpecification","valueRequired":true,"valueName":"search_term_string"}}],"inLanguage":"hr"},{"@type":"Organization","@id":"https:\/\/opgdjeska.hr\/#organization","name":"OPG Dje\u0161ka","alternateName":"OPG Djeska","url":"https:\/\/opgdjeska.hr\/","logo":{"@type":"ImageObject","inLanguage":"hr","@id":"https:\/\/opgdjeska.hr\/#\/schema\/logo\/image\/","url":"https:\/\/opgdjeska.hr\/wp-content\/uploads\/2024\/04\/opg-djeska-900-x-300-piks-edited.png","contentUrl":"https:\/\/opgdjeska.hr\/wp-content\/uploads\/2024\/04\/opg-djeska-900-x-300-piks-edited.png","width":400,"height":300,"caption":"OPG Dje\u0161ka"},"image":{"@id":"https:\/\/opgdjeska.hr\/#\/schema\/logo\/image\/"}}]}},"jetpack_sharing_enabled":true,"_links":{"self":[{"href":"https:\/\/opgdjeska.hr\/index.php?rest_route=\/wp\/v2\/pages\/125","targetHints":{"allow":["GET"]}}],"collection":[{"href":"https:\/\/opgdjeska.hr\/index.php?rest_route=\/wp\/v2\/pages"}],"about":[{"href":"https:\/\/opgdjeska.hr\/index.php?rest_route=\/wp\/v2\/types\/page"}],"author":[{"embeddable":true,"href":"https:\/\/opgdjeska.hr\/index.php?rest_route=\/wp\/v2\/users\/1"}],"replies":[{"embeddable":true,"href":"https:\/\/opgdjeska.hr\/index.php?rest_route=%2Fwp%2Fv2%2Fcomments&post=125"}],"version-history":[{"count":11,"href":"https:\/\/opgdjeska.hr\/index.php?rest_route=\/wp\/v2\/pages\/125\/revisions"}],"predecessor-version":[{"id":513,"href":"https:\/\/opgdjeska.hr\/index.php?rest_route=\/wp\/v2\/pages\/125\/revisions\/513"}],"wp:attachment":[{"href":"https:\/\/opgdjeska.hr\/index.php?rest_route=%2Fwp%2Fv2%2Fmedia&parent=125"}],"curies":[{"name":"wp","href":"https:\/\/api.w.org\/{rel}","templated":true}]}}